{"id":10210,"date":"2015-10-16T04:21:43","date_gmt":"2015-10-16T04:21:43","guid":{"rendered":"http:\/\/event-theme.com\/themes\/rentit\/?page_id=10210"},"modified":"2024-02-19T10:31:31","modified_gmt":"2024-02-19T13:31:31","slug":"kontakt","status":"publish","type":"page","link":"https:\/\/acar-autovermietung.com\/en\/kontakt\/","title":{"rendered":"Contact us"},"content":{"rendered":"<div class=\"wpb-content-wrapper\"><div class=\"vc_row wpb_row vc_row-fluid\"><div class=\"wpb_column vc_column_container vc_col-sm-12\"><div class=\"vc_column-inner\"><div class=\"wpb_wrapper\">\r\n\t\t<section class=\"page-section image\">\r\n\t\t\t<div class=\"container\">\r\n\t\t\t\t\r\n\t<div class=\"row\">\n    <div class=\"col-md-4\">\n        <div class=\"contact-info\">\n\n            <h2 class=\"block-title\"><span><\/span><\/h2>\n\n            <div class=\"media-list\">\n                    <div class=\"media\">\n                    <i class=\"pull-left far fa-building\"><\/i>\n                <div class=\"media-body\">\n            <b>Acar headquarters:<\/b><br \/>\nRuta 8 Blas Garay y 12 de Octubre del Barrio Ybaroty, 5000 Villarrica del Esp\u00edritu Santo, Paraguay        <\/div>\n    <\/div>\n\n    <!-- \/PAGE -->\n        <div class=\"media\">\n                    <i class=\"pull-left fas fa-mobile-alt\"><\/i>\n                <div class=\"media-body\">\n            <strong>Acar customer service phone number:<\/strong><br \/>\n+ 595 983 452355 (contact also possible directly via<strong> <a href=\"http:\/\/wa.link\/y7lo1y\">WhatsApp<\/a> <\/strong>and <a href=\"https:\/\/t.me\/AcarAutovermietung\"><strong>Telegram<\/strong><\/a> or by e-mail to <strong><a href=\"mailto:acar-py@outlook.com\">acar-py@outlook.com<\/a><\/strong>)<\/p>\n<p><strong>Note \"Book without credit card\":<\/strong> You are also welcome to contact us if you would like to book a rental car with us without a credit card. Acar customer service will then clarify all further details with you.        <\/div>\n    <\/div>\n\n    <!-- \/PAGE -->\n        <div class=\"media\">\n                    <i class=\"pull-left fas fa-car-crash\"><\/i>\n                <div class=\"media-body\">\n            <strong>24-hour hotline in the event of an emergency or damage:<\/strong><br \/>\n<span lang=\"ES-PY\" xml:lang=\"ES-PY\">+595 981 135111<\/span> (also via WhatsApp &amp; Telegram)        <\/div>\n    <\/div>\n\n    <!-- \/PAGE -->\n        <div class=\"media\">\n                <div class=\"media-body\">\n            Convince yourself of our special Acar customer service. Our extremely friendly and regularly trained staff will be happy to help you at any time. Talk to us. We will be happy to advise you or help you quickly and easily when you need it.        <\/div>\n    <\/div>\n\n    <!-- \/PAGE -->\n    \n            <\/div>\n\n        <\/div>\n    <\/div>\n\n    <div class=\"col-md-8 text-left\">\n\n        <h2 class=\"block-title\"><span><\/span><\/h2>\n\n        <!-- Contact form -->\n\n\n        \n        <!-- \/Contact form -->\n\n    <\/div>\n    <!-- \/PAGE -->\n\n    <style>\n        #contact-form br{\n            display: none;\n        }\n\n    <\/style>\n    <script>\n\n\n        jQuery(document).ready(function () {\n\n            jQuery('.col-md-8 form').addClass(\"contact-form \").each(function(){jQuery('.col-md-8 form').attr(\"id\", \"contact-form\" );});\n\n\n        });\n\n    <\/script>\n    <\/div>\r\n\t\t\t\t<\/div>\r\n\t\t<\/section>\r\n\t\t<\/div><\/div><\/div><\/div>\n<\/div>","protected":false},"excerpt":{"rendered":"Acar-Zentrale: Ruta 8 Blas Garay y 12 de Octubre del Barrio Ybaroty, 5000 Villarrica del Esp\u00edritu Santo, Paraguay Acar-Kundenservice Telefonnummer: + 595 983 452355 (Kontakt auch m\u00f6glich direkt \u00fcber WhatsApp und Telegram oder per E-Mail an acar-py@outlook.com) Hinweis \"Ohne Kreditkarte buchen\": Kontaktieren Sie uns auch gerne, wenn Sie ohne Kreditkarte einen Mietwagen bei uns buchen [...]","protected":false},"author":1,"featured_media":0,"parent":0,"menu_order":0,"comment_status":"closed","ping_status":"closed","template":"template-fullwidth-breadcrumb.php","meta":[],"_links":{"self":[{"href":"https:\/\/acar-autovermietung.com\/en\/wp-json\/wp\/v2\/pages\/10210"}],"collection":[{"href":"https:\/\/acar-autovermietung.com\/en\/wp-json\/wp\/v2\/pages"}],"about":[{"href":"https:\/\/acar-autovermietung.com\/en\/wp-json\/wp\/v2\/types\/page"}],"author":[{"embeddable":true,"href":"https:\/\/acar-autovermietung.com\/en\/wp-json\/wp\/v2\/users\/1"}],"replies":[{"embeddable":true,"href":"https:\/\/acar-autovermietung.com\/en\/wp-json\/wp\/v2\/comments?post=10210"}],"version-history":[{"count":10,"href":"https:\/\/acar-autovermietung.com\/en\/wp-json\/wp\/v2\/pages\/10210\/revisions"}],"predecessor-version":[{"id":13057,"href":"https:\/\/acar-autovermietung.com\/en\/wp-json\/wp\/v2\/pages\/10210\/revisions\/13057"}],"wp:attachment":[{"href":"https:\/\/acar-autovermietung.com\/en\/wp-json\/wp\/v2\/media?parent=10210"}],"curies":[{"name":"wp","href":"https:\/\/api.w.org\/{rel}","templated":true}]}}