{"id":12549,"date":"2023-11-08T15:44:58","date_gmt":"2023-11-08T15:44:58","guid":{"rendered":"http:\/\/test-autovermietung.acar-automotores.com\/mietwagensuche-2\/"},"modified":"2023-12-13T16:14:38","modified_gmt":"2023-12-13T16:14:38","slug":"mietwagensuche-2","status":"publish","type":"page","link":"https:\/\/acar-autovermietung.com\/en\/mietwagensuche-2\/","title":{"rendered":"Mietwagensuche"},"content":{"rendered":"<div class=\"wrap plugin-container\">\n\n\t\n\t\n\t<h3 class=\"vrc-main-title\">Acar Autovermietung (Acar Group)<\/h3><strong>General rental conditions:<\/strong>\r\n<ul>\r\n \t<li>Minimum age: 21 years<\/li>\r\n \t<li>Documents required at handover: valid passport and driver's license<\/li>\r\n \t<li>Valid credit card for guarantee deposit (rental deposit\/excess), amount depending on rental car category<\/li>\r\n \t<li>Acar tank regulation: full\/full<\/li>\r\n<\/ul><div class=\"vrcdivsearch\"><div class=\"vrcdivsearch-inner\"><form action=\"https:\/\/acar-autovermietung.com\/en\/mietwagensuche-2\/?option=com_vikrentcar\" method=\"post\" onsubmit=\"return vrcValidateSearch();\" data-trp-original-action=\"https:\/\/acar-autovermietung.com\/en\/mietwagensuche-2\/?option=com_vikrentcar\">\n<input type=\"hidden\" name=\"option\" value=\"com_vikrentcar\"\/>\n<input type=\"hidden\" name=\"task\" value=\"search\"\/>\n<div class=\"vrc-searchf-section-locations\">\n<div class=\"vrcsfentrycont\"><label for=\"place\">Pickup Location<\/label><div class=\"vrcsfentryselect\"><select name=\"place\" id=\"place\" onchange=\"javascript: vrcSetLocOpenTime(this.value, 'pickup');\"><option value=\"1\" id=\"place1\">Asunci\u00f3n &amp; Airport<\/option>\n<option value=\"10\" id=\"place10\">San Bernadino &amp; Aregu\u00e1<\/option>\n<option value=\"12\" id=\"place12\">Caacup\u00e9<\/option>\n<option value=\"16\" id=\"place16\">Villarrica<\/option>\n<option value=\"19\" id=\"place19\">Coronel Oviedo<\/option>\n<option value=\"20\" id=\"place20\">Ciudad del Este<\/option>\n<option value=\"21\" id=\"place21\">Encarnaci\u00f3n<\/option>\n<option value=\"22\" id=\"place22\">Hohenau<\/option>\n<\/select><\/div><\/div>\n<div class=\"vrcsfentrycont\"><label for=\"returnplace\">Drop Off Location<\/label><div class=\"vrcsfentryselect\"><select name=\"returnplace\" id=\"returnplace\" onchange=\"javascript: vrcSetLocOpenTime(this.value, 'dropoff');\"><option value=\"1\" id=\"returnplace1\">Asunci\u00f3n &amp; Airport<\/option>\n<option value=\"10\" id=\"returnplace10\">San Bernadino &amp; Aregu\u00e1<\/option>\n<option value=\"12\" id=\"returnplace12\">Caacup\u00e9<\/option>\n<option value=\"16\" id=\"returnplace16\">Villarrica<\/option>\n<option value=\"19\" id=\"returnplace19\">Coronel Oviedo<\/option>\n<option value=\"20\" id=\"returnplace20\">Ciudad del Este<\/option>\n<option value=\"21\" id=\"returnplace21\">Encarnaci\u00f3n<\/option>\n<option value=\"22\" id=\"returnplace22\">Hohenau<\/option>\n<\/select><\/div><\/div>\n<\/div>\n<div class=\"vrc-searchf-section-datetimes\">\n<div class=\"vrcsfentrycont\">\n\t<div class=\"vrcsfentrylabsel\">\n\t\t<label for=\"pickupdate\">Pickup Date<\/label>\n\t\t<div class=\"vrcsfentrydate\">\n\t\t\t<input type=\"text\" name=\"pickupdate\" id=\"pickupdate\" size=\"10\" autocomplete=\"off\" onfocus=\"this.blur();\" readonly><i class=\"far fa-calendar-alt vrc-caltrigger\"><\/i>\n\t\t<\/div>\n\t<\/div>\n\t<div class=\"vrcsfentrytime\">\n\t\t<label for=\"pickuph\">Pickup Time<\/label>\n\t\t<div class=\"vrc-sf-time-container\">\n\t\t\t<span id=\"vrccomselph\"><select id=\"pickuph\" name=\"pickuph\"><option value=\"7\">07 am<\/option>\n<option value=\"8\">08 am<\/option>\n<option value=\"9\">09 am<\/option>\n<option value=\"10\">10 am<\/option>\n<option value=\"11\">11 am<\/option>\n<option value=\"12\">12 pm<\/option>\n<option value=\"13\">01 pm<\/option>\n<option value=\"14\">02 pm<\/option>\n<option value=\"15\">03 pm<\/option>\n<option value=\"16\">04 pm<\/option>\n<option value=\"17\">05 pm<\/option>\n<\/select><\/span>\n\t\t\t<span class=\"vrctimesep\">:<\/span>\n\t\t\t<span id=\"vrccomselpm\"><select name=\"pickupm\"><option value=\"0\" selected=\"selected\">00<\/option>\n<option value=\"15\">15<\/option>\n<option value=\"30\">30<\/option>\n<option value=\"45\">45<\/option>\n<\/select><\/span>\n\t\t<\/div>\n\t<\/div>\n<\/div>\n<div class=\"vrcsfentrycont\">\n\t<div class=\"vrcsfentrylabsel\">\n\t\t<label for=\"releasedate\">Drop Off Date<\/label>\n\t\t<div class=\"vrcsfentrydate\">\n\t\t\t<input type=\"text\" name=\"releasedate\" id=\"releasedate\" size=\"10\" autocomplete=\"off\" onfocus=\"this.blur();\" readonly><i class=\"far fa-calendar-alt vrc-caltrigger\"><\/i>\n\t\t<\/div>\n\t<\/div>\n\t<div class=\"vrcsfentrytime\">\n\t\t<label for=\"releaseh\">Drop Off Time<\/label>\n\t\t<div class=\"vrc-sf-time-container\">\n\t\t\t<span id=\"vrccomseldh\"><select id=\"releaseh\" name=\"releaseh\"><option value=\"7\">07 am<\/option>\n<option value=\"8\">08 am<\/option>\n<option value=\"9\">09 am<\/option>\n<option value=\"10\">10 am<\/option>\n<option value=\"11\">11 am<\/option>\n<option value=\"12\">12 pm<\/option>\n<option value=\"13\">01 pm<\/option>\n<option value=\"14\">02 pm<\/option>\n<option value=\"15\">03 pm<\/option>\n<option value=\"16\">04 pm<\/option>\n<option value=\"17\">05 pm<\/option>\n<\/select><\/span>\n\t\t\t<span class=\"vrctimesep\">:<\/span>\n\t\t\t<span id=\"vrccomseldm\"><select name=\"releasem\"><option value=\"0\" selected=\"selected\">00<\/option>\n<option value=\"15\">15<\/option>\n<option value=\"30\">30<\/option>\n<option value=\"45\">45<\/option>\n<\/select><\/span>\n\t\t<\/div>\n\t<\/div>\n<\/div>\n<\/div>\n<div class=\"vrc-searchf-section-sbmt\"><div class=\"vrcsfentrycont\"><div class=\"vrcsfentrysubmit\"><input type=\"submit\" name=\"search\" value=\"Search\" class=\"btn vrc-search-btn vrc-pref-color-btn\"\/><\/div><\/div>\n<\/div><input type=\"hidden\" name=\"trp-form-language\" value=\"en\"\/><\/div>\n<\/form><\/div>\t<script type=\"text\/javascript\">\r\n\tfunction vrcCleanNumber(snum) {\r\n\t\tif (snum.length > 1 && snum.substr(0, 1) == '0') {\r\n\t\t\treturn parseInt(snum.substr(1));\r\n\t\t}\r\n\t\treturn parseInt(snum);\r\n\t}\r\n\tfunction vrcFormatTime(h, m) {\r\n\t\tvar time_format = 'h:i A';\r\n\t\tvar time_ftfour = (time_format == 'H:i');\r\n\t\tvar time_ampm = '';\r\n\t\tif (!time_ftfour) {\r\n\t\t\tif (h >= 12 && h < 24) {\r\n\t\t\t\ttime_ampm = ' PM';\r\n\t\t\t\tif (h > 12) {\r\n\t\t\t\t\th -= 12;\r\n\t\t\t\t}\r\n\t\t\t} else {\r\n\t\t\t\ttime_ampm = ' AM';\r\n\t\t\t}\r\n\t\t}\r\n\t\treturn (h < 10 ? ('0' + h) : h) + ':' + ((m < 10 ? ('0' + m) : m)) + time_ampm;\r\n\t}\r\n\tfunction vrcValidateSearch() {\r\n\t\tif (typeof jQuery === 'undefined' || typeof vrc_wopening_pick === 'undefined') {\r\n\t\t\treturn true;\r\n\t\t}\r\n\t\tif (vrc_mopening_pick !== null) {\r\n\t\t\t\/\/ pickup time\r\n\t\t\tvar pickh = jQuery('#vrccomselph').find('select').val();\r\n\t\t\tvar pickm = jQuery('#vrccomselpm').find('select').val();\r\n\t\t\tif (!pickh || !pickh.length || !pickm) {\r\n\t\t\t\treturn true;\r\n\t\t\t}\r\n\t\t\tpickh = vrcCleanNumber(pickh);\r\n\t\t\tpickm = vrcCleanNumber(pickm);\r\n\t\t\tif (pickh == vrc_mopening_pick[0]) {\r\n\t\t\t\tif (pickm < vrc_mopening_pick[1]) {\r\n\t\t\t\t\t\/\/ location is still closed at this time\r\n\t\t\t\t\tjQuery('#vrccomselpm').find('select').html('<option value=\"'+vrc_mopening_pick[1]+'\">'+(vrc_mopening_pick[1] < 10 ? '0'+vrc_mopening_pick[1] : vrc_mopening_pick[1])+'<\/option>').val(vrc_mopening_pick[1]);\r\n\t\t\t\t\talert(Joomla.JText._('VRC_LOC_WILL_OPEN_TIME').replace('%s', vrcFormatTime(vrc_mopening_pick[0], vrc_mopening_pick[1])));\r\n\t\t\t\t\t\/\/ do not return false as we are overwriting the pickup time\r\n\t\t\t\t\t\/\/ return false;\r\n\t\t\t\t}\r\n\t\t\t}\r\n\t\t\tif (pickh == vrc_mopening_pick[2]) {\r\n\t\t\t\tif (pickm > vrc_mopening_pick[3]) {\r\n\t\t\t\t\t\/\/ location is already closed at this time for a pick up\r\n\t\t\t\t\tjQuery('#vrccomselpm').find('select').html('<option value=\"'+vrc_mopening_pick[3]+'\">'+(vrc_mopening_pick[3] < 10 ? '0'+vrc_mopening_pick[3] : vrc_mopening_pick[3])+'<\/option>').val(vrc_mopening_pick[3]);\r\n\t\t\t\t\talert(Joomla.JText._('VRC_LOC_WILL_CLOSE_TIME').replace('%s', vrcFormatTime(vrc_mopening_pick[2], vrc_mopening_pick[3])));\r\n\t\t\t\t\t\/\/ do not return false as we are overwriting the pickup time\r\n\t\t\t\t\t\/\/ return false;\r\n\t\t\t\t}\r\n\t\t\t}\r\n\t\t\t\/\/ check for breaks\r\n\t\t\tif (vrc_mopening_pick[4] && vrc_mopening_pick[4].length) {\r\n\t\t\t\tfor (var b = 0; b < vrc_mopening_pick[4].length; b++) {\r\n\t\t\t\t\tif (!vrc_mopening_pick[4][b].hasOwnProperty('fh')) {\r\n\t\t\t\t\t\tcontinue;\r\n\t\t\t\t\t}\r\n\t\t\t\t\tvar break_mess = Joomla.JText._('VRC_PICKLOC_IS_ON_BREAK_TIME_FROM_TO')\r\n\t\t\t\t\t\t.replace('%s', vrcFormatTime(vrc_mopening_pick[4][b]['fh'], vrc_mopening_pick[4][b]['fm']))\r\n\t\t\t\t\t\t.replace('%s', vrcFormatTime(vrc_mopening_pick[4][b]['th'], vrc_mopening_pick[4][b]['tm']));\r\n\t\t\t\t\tvar break_from_secs = (vrc_mopening_pick[4][b]['fh'] * 3600) + (vrc_mopening_pick[4][b]['fm'] * 60);\r\n\t\t\t\t\tvar break_to_secs = (vrc_mopening_pick[4][b]['th'] * 3600) + (vrc_mopening_pick[4][b]['tm'] * 60);\r\n\t\t\t\t\tvar pick_secs = (pickh * 3600) + (pickm * 60);\r\n\t\t\t\t\tif (pick_secs > break_from_secs && pick_secs < break_to_secs) {\r\n\t\t\t\t\t\t\/\/ the location is on break at this time\r\n\t\t\t\t\t\talert(break_mess);\r\n\t\t\t\t\t\treturn false;\r\n\t\t\t\t\t} else if (vrc_mopening_pick[4][b]['fh'] > vrc_mopening_pick[4][b]['th'] && pick_secs < break_from_secs && pick_secs < break_to_secs) {\r\n\t\t\t\t\t\t\/\/ overnight break, with time after midnight\r\n\t\t\t\t\t\talert(break_mess);\r\n\t\t\t\t\t\treturn false;\r\n\t\t\t\t\t} else if (vrc_mopening_pick[4][b]['fh'] > vrc_mopening_pick[4][b]['th'] && pick_secs > break_from_secs && pick_secs > break_to_secs) {\r\n\t\t\t\t\t\t\/\/ overnight break, with time before midnight\r\n\t\t\t\t\t\talert(break_mess);\r\n\t\t\t\t\t\treturn false;\r\n\t\t\t\t\t}\r\n\t\t\t\t}\r\n\t\t\t}\r\n\t\t}\r\n\r\n\t\tif (vrc_mopening_drop !== null) {\r\n\t\t\t\/\/ dropoff time\r\n\t\t\tvar droph = jQuery('#vrccomseldh').find('select').val();\r\n\t\t\tvar dropm = jQuery('#vrccomseldm').find('select').val();\r\n\t\t\tif (!droph || !droph.length || !dropm) {\r\n\t\t\t\treturn true;\r\n\t\t\t}\r\n\t\t\tdroph = vrcCleanNumber(droph);\r\n\t\t\tdropm = vrcCleanNumber(dropm);\r\n\t\t\tif (droph == vrc_mopening_drop[0]) {\r\n\t\t\t\tif (dropm > vrc_mopening_drop[1]) {\r\n\t\t\t\t\t\/\/ location is already closed at this time\r\n\t\t\t\t\tjQuery('#vrccomseldm').find('select').html('<option value=\"'+vrc_mopening_drop[1]+'\">'+(vrc_mopening_drop[1] < 10 ? '0'+vrc_mopening_drop[1] : vrc_mopening_drop[1])+'<\/option>').val(vrc_mopening_drop[1]);\r\n\t\t\t\t\talert(Joomla.JText._('VRC_LOC_WILL_CLOSE_TIME').replace('%s', vrcFormatTime(vrc_mopening_drop[0], vrc_mopening_drop[1])));\r\n\t\t\t\t\t\/\/ do not return false as we are overwriting the drop off time\r\n\t\t\t\t\t\/\/ return false;\r\n\t\t\t\t}\r\n\t\t\t}\r\n\t\t\tif (droph == vrc_mopening_drop[2]) {\r\n\t\t\t\tif (dropm < vrc_mopening_drop[3]) {\r\n\t\t\t\t\t\/\/ location is still closed at this time for a drop off\r\n\t\t\t\t\tjQuery('#vrccomseldm').find('select').html('<option value=\"'+vrc_mopening_drop[3]+'\">'+(vrc_mopening_drop[3] < 10 ? '0'+vrc_mopening_drop[3] : vrc_mopening_drop[3])+'<\/option>').val(vrc_mopening_drop[3]);\r\n\t\t\t\t\talert(Joomla.JText._('VRC_LOC_WILL_OPEN_TIME').replace('%s', vrcFormatTime(vrc_mopening_drop[2], vrc_mopening_drop[3])));\r\n\t\t\t\t\t\/\/ do not return false as we are overwriting the drop off time\r\n\t\t\t\t\t\/\/ return false;\r\n\t\t\t\t}\r\n\t\t\t}\r\n\t\t\t\/\/ check for breaks\r\n\t\t\tif (vrc_mopening_drop[4] && vrc_mopening_drop[4].length) {\r\n\t\t\t\tfor (var b = 0; b < vrc_mopening_drop[4].length; b++) {\r\n\t\t\t\t\tif (!vrc_mopening_drop[4][b].hasOwnProperty('fh')) {\r\n\t\t\t\t\t\tcontinue;\r\n\t\t\t\t\t}\r\n\t\t\t\t\tvar break_mess = Joomla.JText._('VRC_DROPLOC_IS_ON_BREAK_TIME_FROM_TO')\r\n\t\t\t\t\t\t.replace('%s', vrcFormatTime(vrc_mopening_drop[4][b]['fh'], vrc_mopening_drop[4][b]['fm']))\r\n\t\t\t\t\t\t.replace('%s', vrcFormatTime(vrc_mopening_drop[4][b]['th'], vrc_mopening_drop[4][b]['tm']));\r\n\t\t\t\t\tvar break_from_secs = (vrc_mopening_drop[4][b]['fh'] * 3600) + (vrc_mopening_drop[4][b]['fm'] * 60);\r\n\t\t\t\t\tvar break_to_secs = (vrc_mopening_drop[4][b]['th'] * 3600) + (vrc_mopening_drop[4][b]['tm'] * 60);\r\n\t\t\t\t\tvar drop_secs = (droph * 3600) + (dropm * 60);\r\n\t\t\t\t\tif (drop_secs > break_from_secs && drop_secs < break_to_secs) {\r\n\t\t\t\t\t\t\/\/ the location is on break at this time\r\n\t\t\t\t\t\talert(break_mess);\r\n\t\t\t\t\t\treturn false;\r\n\t\t\t\t\t} else if (vrc_mopening_drop[4][b]['fh'] > vrc_mopening_drop[4][b]['th'] && drop_secs < break_from_secs && drop_secs < break_to_secs) {\r\n\t\t\t\t\t\t\/\/ overnight break, with time after midnight\r\n\t\t\t\t\t\talert(break_mess);\r\n\t\t\t\t\t\treturn false;\r\n\t\t\t\t\t} else if (vrc_mopening_drop[4][b]['fh'] > vrc_mopening_drop[4][b]['th'] && drop_secs > break_from_secs && drop_secs > break_to_secs) {\r\n\t\t\t\t\t\t\/\/ overnight break, with time before midnight\r\n\t\t\t\t\t\talert(break_mess);\r\n\t\t\t\t\t\treturn false;\r\n\t\t\t\t\t}\r\n\t\t\t\t}\r\n\t\t\t}\r\n\t\t}\r\n\r\n\t\treturn true;\r\n\t}\r\n\t<\/script>\r\n\t\n<\/div>","protected":false},"excerpt":{"rendered":"Acar Autovermietung (Acar Group)Allgemeine Mietbedingungen: Mindestalter: 21 Jahre Erforderliche Dokumente bei \u00dcbergabe: g\u00fcltiger Reisepass und F\u00fchrerschein G\u00fcltige Kreditkarte f\u00fcr Garantiehinterlegung (Mietkaution\/Selbstbeteiligung), H\u00f6he je nach Mietwagenkategorie Acar Tankregelung: Voll\/ Voll Pickup LocationAsunci\u00f3n & Airport San Bernadino & Aregu\u00e1 Caacup\u00e9 Villarrica Coronel Oviedo Ciudad del Este Encarnaci\u00f3n Hohenau Drop Off LocationAsunci\u00f3n & Airport San Bernadino & Aregu\u00e1 [...]","protected":false},"author":3,"featured_media":0,"parent":0,"menu_order":0,"comment_status":"closed","ping_status":"closed","template":"","meta":[],"_links":{"self":[{"href":"https:\/\/acar-autovermietung.com\/en\/wp-json\/wp\/v2\/pages\/12549"}],"collection":[{"href":"https:\/\/acar-autovermietung.com\/en\/wp-json\/wp\/v2\/pages"}],"about":[{"href":"https:\/\/acar-autovermietung.com\/en\/wp-json\/wp\/v2\/types\/page"}],"author":[{"embeddable":true,"href":"https:\/\/acar-autovermietung.com\/en\/wp-json\/wp\/v2\/users\/3"}],"replies":[{"embeddable":true,"href":"https:\/\/acar-autovermietung.com\/en\/wp-json\/wp\/v2\/comments?post=12549"}],"version-history":[{"count":4,"href":"https:\/\/acar-autovermietung.com\/en\/wp-json\/wp\/v2\/pages\/12549\/revisions"}],"predecessor-version":[{"id":12897,"href":"https:\/\/acar-autovermietung.com\/en\/wp-json\/wp\/v2\/pages\/12549\/revisions\/12897"}],"wp:attachment":[{"href":"https:\/\/acar-autovermietung.com\/en\/wp-json\/wp\/v2\/media?parent=12549"}],"curies":[{"name":"wp","href":"https:\/\/api.w.org\/{rel}","templated":true}]}}