{"id":1896,"date":"2015-10-12T07:39:43","date_gmt":"2015-10-12T07:39:43","guid":{"rendered":"http:\/\/event-theme.com\/themes\/rentit\/?page_id=1896"},"modified":"2024-01-19T16:06:08","modified_gmt":"2024-01-19T19:06:08","slug":"faqs","status":"publish","type":"page","link":"https:\/\/acar-autovermietung.com\/en\/faqs\/","title":{"rendered":"FAQ"},"content":{"rendered":"<div class=\"wpb-content-wrapper\"><div class=\"vc_row wpb_row vc_row-fluid\"><div data-vc-parallax=\"\" data-vc-parallax-o-fade=\"on\" class=\"wpb_column vc_column_container vc_col-sm-12 vc_col-has-fill vc_general vc_parallax vc_parallax-content-moving-fade js-vc_parallax-o-fade\"><div class=\"vc_column-inner\"><div class=\"wpb_wrapper\"><div  class=\"vc_toggle vc_toggle_default vc_toggle_color_default  vc_toggle_size_md\"><div class=\"vc_toggle_title\"><h4>What are Acar's requirements for renting a vehicle?<\/h4><i class=\"vc_toggle_icon\"><\/i><\/div><div class=\"vc_toggle_content\"><p>The following requirements and conditions apply for a final and binding rental of a vehicle from our fleet:<\/p>\n<ul>\n<li>General minimum age for drivers (including second drivers): 21 years<\/li>\n<li>Documents required upon delivery\/handover of the rental car: Valid passport and valid driver's license<\/li>\n<li>Valid credit card for guarantee deposit (amount of the deposit depends on the selected rental car category, see also FAQ point 4)<\/li>\n<li>The tank regulation applies: full on delivery \/ full on return<\/li>\n<\/ul>\n<\/div><\/div><div  class=\"vc_toggle vc_toggle_default vc_toggle_color_default  vc_toggle_size_md\"><div class=\"vc_toggle_title\"><h4>Does Acar charge its customers for the delivery or return of a rental car at a personally desired location (e.g. a specific hotel)?<\/h4><i class=\"vc_toggle_icon\"><\/i><\/div><div class=\"vc_toggle_content\"><p>Acar charges its customers a corresponding delivery and return fee for the delivery and return of a rental car at a personal desired location (e.g. airport, hotel...), which is based on the individual specifications and wishes of the customer. The costs for this will be displayed at the end of your reservation process.<\/p>\n<\/div><\/div><div  class=\"vc_toggle vc_toggle_default vc_toggle_color_default  vc_toggle_size_md\"><div class=\"vc_toggle_title\"><h4>Do I have to pay Acar in advance?<\/h4><i class=\"vc_toggle_icon\"><\/i><\/div><div class=\"vc_toggle_content\"><p>No, as an Acar customer you only ever pay when you hand over the rental car in person at your desired delivery location. You can do this in cash or by credit card.<\/p>\n<\/div><\/div><div  class=\"vc_toggle vc_toggle_default vc_toggle_color_default  vc_toggle_size_md\"><div class=\"vc_toggle_title\"><h4>Does Acar require a deposit for a selected rental car?<\/h4><i class=\"vc_toggle_icon\"><\/i><\/div><div class=\"vc_toggle_content\"><p>The amount of the respective deposit for a rental car depends on the selected vehicle category. The following rental deposits apply to the respective categories and would only be due in full (e.g. in the event of major damage) or pro rata depending on the extent of the damage to the rented vehicle:<\/p>\n<ol>\n<li>Eco &amp; Eco +: 300,- USD<\/li>\n<li>Sed\u00e1n &amp; Sed\u00e1n automatic: 350,- USD<\/li>\n<li>Mini SUV &amp; mid-range SUV: 400,- USD<\/li>\n<li>SUV, All Terrain (Mini) &amp; Commercial Vehicles: 500,- USD<\/li>\n<li>SUV Premium &amp; All Terrain Premium: USD 1,000<\/li>\n<\/ol>\n<\/div><\/div><div  class=\"vc_toggle vc_toggle_default vc_toggle_color_default  vc_toggle_size_md\"><div class=\"vc_toggle_title\"><h4>Where do I have to return the vehicle?<\/h4><i class=\"vc_toggle_icon\"><\/i><\/div><div class=\"vc_toggle_content\"><p>You can either drop off your rental car at the same location where it was delivered to you or at any other individually desired drop-off location in Paraguay. If you have any questions, please contact the staff at our Acar customer center. You can do this either by e-mail, telephone or via WhatsApp and Telegram.<\/p>\n<\/div><\/div><div  class=\"vc_toggle vc_toggle_default vc_toggle_color_default  vc_toggle_size_md\"><div class=\"vc_toggle_title\"><h4>What happens in the event of an accident?<\/h4><i class=\"vc_toggle_icon\"><\/i><\/div><div class=\"vc_toggle_content\"><p class=\"p1\">In this case, please always contact our customer center immediately on the emergency telephone number +595\/ 981 135111 (also via WhatsApp and Telegram). Our employees will then assist you with the next steps or take the necessary measures. Especially in the case of accidents with personal injury, the handling in Paraguay is completely different and requires professional support in any case. Acar will of course provide you with this at any time and anywhere in the country. As in Germany, the costs of the damage are settled via fully comprehensive insurance.<\/p>\n<\/div><\/div><\/div><\/div><\/div><\/div>\n<\/div>","protected":false},"excerpt":{"rendered":"Welche Anforderungen gelten bei Acar f\u00fcr die Vermietung eines Fahrzeuges?Folgende Anforderungen und Voraussetzungen gelten f\u00fcr eine finale und verbindliche Vermietung eines Fahrzeuges aus unserer Flotte: Generelles Mindestalter Fahrer (auch Zweitfahrer): 21 Jahre Erforderliche Dokumente bei Zustellung\/\u00dcbergabe des Mietwages: G\u00fcltiger Reisepass und g\u00fcltiger F\u00fchrerschein G\u00fcltige Kreditkarte zur Garantiehinterlegung (H\u00f6he der Kaution richtet sich nach der gew\u00e4hlten [...]","protected":false},"author":1,"featured_media":0,"parent":0,"menu_order":0,"comment_status":"closed","ping_status":"closed","template":"","meta":[],"_links":{"self":[{"href":"https:\/\/acar-autovermietung.com\/en\/wp-json\/wp\/v2\/pages\/1896"}],"collection":[{"href":"https:\/\/acar-autovermietung.com\/en\/wp-json\/wp\/v2\/pages"}],"about":[{"href":"https:\/\/acar-autovermietung.com\/en\/wp-json\/wp\/v2\/types\/page"}],"author":[{"embeddable":true,"href":"https:\/\/acar-autovermietung.com\/en\/wp-json\/wp\/v2\/users\/1"}],"replies":[{"embeddable":true,"href":"https:\/\/acar-autovermietung.com\/en\/wp-json\/wp\/v2\/comments?post=1896"}],"version-history":[{"count":10,"href":"https:\/\/acar-autovermietung.com\/en\/wp-json\/wp\/v2\/pages\/1896\/revisions"}],"predecessor-version":[{"id":12992,"href":"https:\/\/acar-autovermietung.com\/en\/wp-json\/wp\/v2\/pages\/1896\/revisions\/12992"}],"wp:attachment":[{"href":"https:\/\/acar-autovermietung.com\/en\/wp-json\/wp\/v2\/media?parent=1896"}],"curies":[{"name":"wp","href":"https:\/\/api.w.org\/{rel}","templated":true}]}}