{"id":10210,"date":"2015-10-16T04:21:43","date_gmt":"2015-10-16T04:21:43","guid":{"rendered":"http:\/\/event-theme.com\/themes\/rentit\/?page_id=10210"},"modified":"2024-02-19T10:31:31","modified_gmt":"2024-02-19T13:31:31","slug":"kontakt","status":"publish","type":"page","link":"https:\/\/acar-autovermietung.com\/es\/kontakt\/","title":{"rendered":"CONTACTO"},"content":{"rendered":"<div class=\"wpb-content-wrapper\"><div class=\"vc_row wpb_row vc_row-fluid\"><div class=\"wpb_column vc_column_container vc_col-sm-12\"><div class=\"vc_column-inner\"><div class=\"wpb_wrapper\">\r\n\t\t<section class=\"page-section image\">\r\n\t\t\t<div class=\"container\">\r\n\t\t\t\t\r\n\t<div class=\"row\">\n    <div class=\"col-md-4\">\n        <div class=\"contact-info\">\n\n            <h2 class=\"block-title\"><span><\/span><\/h2>\n\n            <div class=\"media-list\">\n                    <div class=\"media\">\n                    <i class=\"pull-left far fa-building\"><\/i>\n                <div class=\"media-body\">\n            <b>Sede de Acar:<\/b><br \/>\nRuta 8 Blas Garay y 12 de Octubre del Barrio Ybaroty, 5000 Villarrica del Esp\u00edritu Santo, Paraguay        <\/div>\n    <\/div>\n\n    <!-- \/PAGE -->\n        <div class=\"media\">\n                    <i class=\"pull-left fas fa-mobile-alt\"><\/i>\n                <div class=\"media-body\">\n            <strong>Tel\u00e9fono de atenci\u00f3n al cliente de Acar:<\/strong><br \/>\n+ 595 983 452355 (tambi\u00e9n se puede contactar directamente a trav\u00e9s de<strong> <a href=\"http:\/\/wa.link\/y7lo1y\">WhatsApp<\/a> <\/strong>y <a href=\"https:\/\/t.me\/AcarAutovermietung\"><strong>Telegram<\/strong><\/a> o por correo electr\u00f3nico a <strong><a href=\"mailto:acar-py@outlook.com\">acar-py@outlook.com<\/a><\/strong>)<\/p>\n<p><strong>Nota \"Reservar sin tarjeta de cr\u00e9dito\":<\/strong> Tambi\u00e9n puede ponerse en contacto con nosotros si desea reservar un coche de alquiler sin tarjeta de cr\u00e9dito. El servicio de atenci\u00f3n al cliente de Acar le aclarar\u00e1 todos los detalles.        <\/div>\n    <\/div>\n\n    <!-- \/PAGE -->\n        <div class=\"media\">\n                    <i class=\"pull-left fas fa-car-crash\"><\/i>\n                <div class=\"media-body\">\n            <strong>L\u00ednea directa 24 horas en caso de emergencia o da\u00f1os:<\/strong><br \/>\n<span lang=\"ES-PY\" xml:lang=\"ES-PY\">+595 981 135111<\/span> (tambi\u00e9n a trav\u00e9s de WhatsApp y Telegram)        <\/div>\n    <\/div>\n\n    <!-- \/PAGE -->\n        <div class=\"media\">\n                <div class=\"media-body\">\n            Conv\u00e9nzase de nuestro especial servicio de atenci\u00f3n al cliente Acar. Nuestro personal, extremadamente amable y regularmente formado, estar\u00e1 encantado de ayudarle en todo momento. Hable con nosotros. Estaremos encantados de asesorarle o ayudarle de forma r\u00e1pida y sencilla cuando lo necesite.        <\/div>\n    <\/div>\n\n    <!-- \/PAGE -->\n    \n            <\/div>\n\n        <\/div>\n    <\/div>\n\n    <div class=\"col-md-8 text-left\">\n\n        <h2 class=\"block-title\"><span><\/span><\/h2>\n\n        <!-- Contact form -->\n\n\n        \n        <!-- \/Contact form -->\n\n    <\/div>\n    <!-- \/PAGE -->\n\n    <style>\n        #contact-form br{\n            display: none;\n        }\n\n    <\/style>\n    <script>\n\n\n        jQuery(document).ready(function () {\n\n            jQuery('.col-md-8 form').addClass(\"contact-form \").each(function(){jQuery('.col-md-8 form').attr(\"id\", \"contact-form\" );});\n\n\n        });\n\n    <\/script>\n    <\/div>\r\n\t\t\t\t<\/div>\r\n\t\t<\/section>\r\n\t\t<\/div><\/div><\/div><\/div>\n<\/div>","protected":false},"excerpt":{"rendered":"Acar-Zentrale: Ruta 8 Blas Garay y 12 de Octubre del Barrio Ybaroty, 5000 Villarrica del Esp\u00edritu Santo, Paraguay Acar-Kundenservice Telefonnummer: + 595 983 452355 (Kontakt auch m\u00f6glich direkt \u00fcber WhatsApp und Telegram oder per E-Mail an acar-py@outlook.com) Hinweis \"Ohne Kreditkarte buchen\": Kontaktieren Sie uns auch gerne, wenn Sie ohne Kreditkarte einen Mietwagen bei uns buchen [...]","protected":false},"author":1,"featured_media":0,"parent":0,"menu_order":0,"comment_status":"closed","ping_status":"closed","template":"template-fullwidth-breadcrumb.php","meta":[],"_links":{"self":[{"href":"https:\/\/acar-autovermietung.com\/es\/wp-json\/wp\/v2\/pages\/10210"}],"collection":[{"href":"https:\/\/acar-autovermietung.com\/es\/wp-json\/wp\/v2\/pages"}],"about":[{"href":"https:\/\/acar-autovermietung.com\/es\/wp-json\/wp\/v2\/types\/page"}],"author":[{"embeddable":true,"href":"https:\/\/acar-autovermietung.com\/es\/wp-json\/wp\/v2\/users\/1"}],"replies":[{"embeddable":true,"href":"https:\/\/acar-autovermietung.com\/es\/wp-json\/wp\/v2\/comments?post=10210"}],"version-history":[{"count":10,"href":"https:\/\/acar-autovermietung.com\/es\/wp-json\/wp\/v2\/pages\/10210\/revisions"}],"predecessor-version":[{"id":13057,"href":"https:\/\/acar-autovermietung.com\/es\/wp-json\/wp\/v2\/pages\/10210\/revisions\/13057"}],"wp:attachment":[{"href":"https:\/\/acar-autovermietung.com\/es\/wp-json\/wp\/v2\/media?parent=10210"}],"curies":[{"name":"wp","href":"https:\/\/api.w.org\/{rel}","templated":true}]}}