{"id":12084,"date":"2023-10-13T01:52:59","date_gmt":"2023-10-13T01:52:59","guid":{"rendered":"http:\/\/test-autovermietung.acar-automotores.com\/?page_id=12084"},"modified":"2023-10-23T11:41:51","modified_gmt":"2023-10-23T11:41:51","slug":"impressum","status":"publish","type":"page","link":"https:\/\/acar-autovermietung.com\/es\/impressum\/","title":{"rendered":"Pie de imprenta"},"content":{"rendered":"<p><\/p>\n\n\n\n<p>Siegfried M\u00fcller<\/p>\n\n\n\n<p>Director General<\/p>\n\n\n\n<p>Acar alquiler de coches<\/p>\n\n\n\n<p>www.acar-autovermietung.com<\/p>\n\n\n\n<p>acar-py@outlook.com<\/p>\n\n\n\n<p>WhatsApp: + 595-983\/452355<\/p>\n\n\n\n<p>WhatsApp: + 595-984\/644345<\/p>\n\n\n\n<p>Servicio: + 595-981\/135111<\/p>\n\n\n\n<p>N\u00famero de identificaci\u00f3n fiscal RUC: 6069308-8&nbsp;<\/p>\n\n\n\n<p>Skype: Acar-Py<\/p>\n\n\n\n<p>Ruta 8, 12 Octubre del Barrio Ybaroty.<\/p>\n\n\n\n<p>5000 Villarrica del Esp\u00edritu Santo Paraguay<\/p>","protected":false},"excerpt":{"rendered":"<p>Siegfried M\u00fcller Gesch\u00e4ftsf\u00fchrender Manager Acar-Autovermietung www.acar-autovermietung.com acar-py@outlook.com WhatsApp: + 595-983\/452355 WhatsApp: + 595-984\/644345 Service: + 595-981\/135111 Steuer-Nr.RUC: ...<\/p>","protected":false},"author":1,"featured_media":0,"parent":0,"menu_order":0,"comment_status":"closed","ping_status":"closed","template":"","meta":[],"_links":{"self":[{"href":"https:\/\/acar-autovermietung.com\/es\/wp-json\/wp\/v2\/pages\/12084"}],"collection":[{"href":"https:\/\/acar-autovermietung.com\/es\/wp-json\/wp\/v2\/pages"}],"about":[{"href":"https:\/\/acar-autovermietung.com\/es\/wp-json\/wp\/v2\/types\/page"}],"author":[{"embeddable":true,"href":"https:\/\/acar-autovermietung.com\/es\/wp-json\/wp\/v2\/users\/1"}],"replies":[{"embeddable":true,"href":"https:\/\/acar-autovermietung.com\/es\/wp-json\/wp\/v2\/comments?post=12084"}],"version-history":[{"count":2,"href":"https:\/\/acar-autovermietung.com\/es\/wp-json\/wp\/v2\/pages\/12084\/revisions"}],"predecessor-version":[{"id":12381,"href":"https:\/\/acar-autovermietung.com\/es\/wp-json\/wp\/v2\/pages\/12084\/revisions\/12381"}],"wp:attachment":[{"href":"https:\/\/acar-autovermietung.com\/es\/wp-json\/wp\/v2\/media?parent=12084"}],"curies":[{"name":"wp","href":"https:\/\/api.w.org\/{rel}","templated":true}]}}