{"id":12086,"date":"2023-10-13T01:53:29","date_gmt":"2023-10-13T01:53:29","guid":{"rendered":"http:\/\/test-autovermietung.acar-automotores.com\/?page_id=12086"},"modified":"2023-10-23T11:49:19","modified_gmt":"2023-10-23T11:49:19","slug":"datenschutz","status":"publish","type":"page","link":"https:\/\/acar-autovermietung.com\/es\/datenschutz\/","title":{"rendered":"Pol\u00edtica de privacidad"},"content":{"rendered":"<h1 class=\"wp-block-heading\"><\/h1>\n\n\n\n<h2 class=\"wp-block-heading\">Tratamiento de datos en relaci\u00f3n con Google Analytics<\/h2>\n\n\n\n<p>Este sitio web utiliza Google Analytics, un servicio anal\u00edtico de web prestado por Google Ireland Limited. Si el responsable del tratamiento de datos de este sitio web se encuentra fuera del Espacio Econ\u00f3mico Europeo o de Suiza, el tratamiento de datos de Google Analytics lo lleva a cabo Google LLC. En lo sucesivo, Google LLC y Google Ireland Limited se denominar\u00e1n \"Google\".<br><br>Google Analytics utiliza \"cookies\", que son archivos de texto ubicados en el ordenador del visitante, para ayudar al website a analizar el uso que hacen los usuarios del sitio web. La informaci\u00f3n generada por la cookie sobre el uso de este sitio web por parte del visitante del sitio (incluida la direcci\u00f3n IP acortada) se transmite normalmente a un servidor de Google y se almacena all\u00ed.<br><br>Google Analytics se utiliza exclusivamente con la extensi\u00f3n \"_anonymiseIp()\" en este sitio web. Esta extensi\u00f3n garantiza la anonimizaci\u00f3n de la direcci\u00f3n IP acort\u00e1ndola y excluye la posibilidad de referencias personales directas. La extensi\u00f3n acorta la direcci\u00f3n IP de Google dentro de los estados miembros de la Uni\u00f3n Europea o en otros estados signatarios del Acuerdo sobre el Espacio Econ\u00f3mico Europeo. S\u00f3lo en casos excepcionales se transmitir\u00e1 la direcci\u00f3n IP completa a un servidor de Google en EE.UU. y se truncar\u00e1 all\u00ed. La direcci\u00f3n IP transmitida por el navegador correspondiente como parte de Google Analytics no se fusionar\u00e1 con otros datos de Google.<br><br>Por encargo del operador de este sitio web, Google utilizar\u00e1 la informaci\u00f3n recopilada para analizar el uso del sitio web, elaborar informes sobre la actividad del sitio web y prestar otros servicios relacionados con la actividad del sitio web y el uso de Internet al operador del sitio web (art. 6, apdo. 1, letra f del RGPD). El inter\u00e9s leg\u00edtimo en el tratamiento de datos reside en la optimizaci\u00f3n de este sitio web, el an\u00e1lisis del uso del sitio web y la adaptaci\u00f3n del contenido. Los intereses de los usuarios est\u00e1n adecuadamente protegidos mediante la seudonimizaci\u00f3n.<br><br>Google LLC. ofrece la garant\u00eda de mantener un nivel adecuado de protecci\u00f3n de datos sobre la base de las cl\u00e1usulas contractuales est\u00e1ndar. Los datos enviados y vinculados a cookies, identificadores de usuario (por ejemplo, ID de usuario) o identificadores de publicidad se eliminan autom\u00e1ticamente transcurridos 50 meses. Los datos que han alcanzado el final de su periodo de conservaci\u00f3n se eliminan autom\u00e1ticamente una vez al mes.<br><br>El visitante del sitio puede impedir la recopilaci\u00f3n de datos por parte de Google Analytics ajustando la configuraci\u00f3n de cookies de este sitio web. La recopilaci\u00f3n y el almacenamiento de la direcci\u00f3n IP y los datos generados por las cookies tambi\u00e9n pueden cancelarse en cualquier momento con efecto para el futuro. El correspondiente complemento del navegador puede descargarse e instalarse en el siguiente enlace:&nbsp;<a href=\"http:\/\/tools.google.com\/dlpage\/gaoptout\" target=\"_blank\" rel=\"noreferrer noopener\">https:\/\/tools.google.com\/dlpage\/gaoptout<\/a>.<br><br>El visitante del sitio web puede evitar que Google Analytics recopile datos en este sitio web haciendo clic en el siguiente enlace&nbsp;<a href=\"javascript: gaOptOut([&quot;UA-24230418-52&quot;, &quot;UA-16611818-1&quot;]);\">Enlace<\/a>&nbsp;clics. Se instala una cookie de exclusi\u00f3n que impide la futura recogida de datos al visitar este sitio web.<br><br>Encontrar\u00e1 m\u00e1s informaci\u00f3n sobre el uso de los datos por parte de Google, as\u00ed como sobre las opciones de configuraci\u00f3n y de oposici\u00f3n, en la pol\u00edtica de privacidad de Google (<a href=\"https:\/\/policies.google.com\/privacy\" target=\"_blank\" rel=\"noreferrer noopener\">https:\/\/policies.google.com\/privacy<\/a>) y en la configuraci\u00f3n para la visualizaci\u00f3n de anuncios de Google (<a href=\"https:\/\/adssettings.google.com\/authenticated\" target=\"_blank\" rel=\"noreferrer noopener\">https:\/\/adssettings.google.com\/authenticated<\/a>).<\/p>\n\n\n\n<h2 class=\"wp-block-heading\">reCAPTCHA<\/h2>\n\n\n\n<p>Utilizamos el servicio reCAPTCHA de Google LLC (Google) para proteger sus consultas a trav\u00e9s del formulario de Internet. La consulta sirve para diferenciar si la entrada ha sido realizada por un humano o de forma abusiva por un procesamiento automatizado y mec\u00e1nico. La consulta incluye el env\u00edo a Google de la direcci\u00f3n IP y de cualquier otro dato requerido por Google para el servicio reCAPTCHA. Con este fin, su entrada se transmite a Google y se utiliza all\u00ed. No obstante, su direcci\u00f3n IP ser\u00e1 acortada previamente por Google dentro de los estados miembros de la Uni\u00f3n Europea o en otros estados contratantes del Acuerdo sobre el Espacio Econ\u00f3mico Europeo. S\u00f3lo en casos excepcionales se transmitir\u00e1 la direcci\u00f3n IP completa a un servidor de Google en EE.UU. y se truncar\u00e1 all\u00ed. Google utilizar\u00e1 esta informaci\u00f3n en nombre del operador de este sitio web para analizar su uso de este servicio. La direcci\u00f3n IP transmitida por su navegador como parte de reCaptcha no se fusionar\u00e1 con otros datos de Google. Para estos datos se aplican las disposiciones de protecci\u00f3n de datos divergentes de Google. Encontrar\u00e1 m\u00e1s informaci\u00f3n sobre la pol\u00edtica de privacidad de Google en&nbsp;<a href=\"https:\/\/policies.google.com\/privacy?hl=de\" target=\"_blank\" rel=\"noreferrer noopener\">https:\/\/policies.google.com\/privacy?hl=de<\/a><\/p>","protected":false},"excerpt":{"rendered":"<p>Datenverarbeitung im Zusammenhang mit Google Analytics Diese Website benutzt Google Analytics, einen Webanalysedienst der Google Ireland Limited. Wenn der Verantwortliche f\u00fcr die Datenverarbeitung auf dieser Website ...<\/p>","protected":false},"author":1,"featured_media":0,"parent":0,"menu_order":0,"comment_status":"closed","ping_status":"closed","template":"","meta":[],"_links":{"self":[{"href":"https:\/\/acar-autovermietung.com\/es\/wp-json\/wp\/v2\/pages\/12086"}],"collection":[{"href":"https:\/\/acar-autovermietung.com\/es\/wp-json\/wp\/v2\/pages"}],"about":[{"href":"https:\/\/acar-autovermietung.com\/es\/wp-json\/wp\/v2\/types\/page"}],"author":[{"embeddable":true,"href":"https:\/\/acar-autovermietung.com\/es\/wp-json\/wp\/v2\/users\/1"}],"replies":[{"embeddable":true,"href":"https:\/\/acar-autovermietung.com\/es\/wp-json\/wp\/v2\/comments?post=12086"}],"version-history":[{"count":3,"href":"https:\/\/acar-autovermietung.com\/es\/wp-json\/wp\/v2\/pages\/12086\/revisions"}],"predecessor-version":[{"id":12384,"href":"https:\/\/acar-autovermietung.com\/es\/wp-json\/wp\/v2\/pages\/12086\/revisions\/12384"}],"wp:attachment":[{"href":"https:\/\/acar-autovermietung.com\/es\/wp-json\/wp\/v2\/media?parent=12086"}],"curies":[{"name":"wp","href":"https:\/\/api.w.org\/{rel}","templated":true}]}}