{"id":13039,"date":"2024-02-16T17:35:41","date_gmt":"2024-02-16T20:35:41","guid":{"rendered":"https:\/\/acar-autovermietung.com\/?page_id=13039"},"modified":"2025-09-25T08:44:43","modified_gmt":"2025-09-25T11:44:43","slug":"neu-in-unserer-mietwagenflotte-jeep-renegade","status":"publish","type":"page","link":"https:\/\/acar-autovermietung.com\/es\/neu-in-unserer-mietwagenflotte-jeep-renegade\/","title":{"rendered":"Nuevo en nuestra flota de coches de alquiler: Jeep Renegade"},"content":{"rendered":"<p><img decoding=\"async\" loading=\"lazy\" class=\"wp-image-13040 alignleft\" src=\"https:\/\/acar-autovermietung.com\/wp-content\/uploads\/2024\/02\/Jeep-Renegade-300x169.jpg\" alt=\"Acar Autovermietung Paraguay\" width=\"402\" height=\"226\" srcset=\"https:\/\/acar-autovermietung.com\/wp-content\/uploads\/2024\/02\/Jeep-Renegade-300x169.jpg 300w, https:\/\/acar-autovermietung.com\/wp-content\/uploads\/2024\/02\/Jeep-Renegade-1024x576.jpg 1024w, https:\/\/acar-autovermietung.com\/wp-content\/uploads\/2024\/02\/Jeep-Renegade-768x432.jpg 768w, https:\/\/acar-autovermietung.com\/wp-content\/uploads\/2024\/02\/Jeep-Renegade-1536x864.jpg 1536w, https:\/\/acar-autovermietung.com\/wp-content\/uploads\/2024\/02\/Jeep-Renegade.jpg 1600w\" sizes=\"(max-width: 402px) 100vw, 402px\" \/><\/p>\n<p>El Jeep Renegade es \u00fanico con su combinaci\u00f3n de primera clase de libertad al aire libre, confort y capacidad todoterreno. Destaca entre todos los dem\u00e1s SUV peque\u00f1os de su segmento.<\/p>\n<p>Seine kraftstoffeffizienten Antriebsstr\u00e4nge, darunter der serienm\u00e4\u00dfige 1,3-Liter-Vierzylindermotor mit Turbolader, gepaart mit einem in diesem Segment ersten Neungang-Automatikgetriebe, machen den Renegade zu einem Kinderspiel. Acar Kunden k\u00f6nnen vom Jeep Renegade fortschrittliche Sicherheitstechnologiefunktionen und herausragende Leistung auf der Stra\u00dfe und im Gel\u00e4nde erwarten. Sprechen Sie uns jederzeit an. Wir beraten Sie gerne!<\/p>","protected":false},"excerpt":{"rendered":"<p>El Jeep Renegade es \u00fanico con su combinaci\u00f3n de primera clase de libertad al aire libre, confort y capacidad todoterreno. Destaca entre todos los dem\u00e1s SUV peque\u00f1os de su segmento. Su ...<\/p>","protected":false},"author":1,"featured_media":0,"parent":0,"menu_order":0,"comment_status":"closed","ping_status":"closed","template":"","meta":[],"_links":{"self":[{"href":"https:\/\/acar-autovermietung.com\/es\/wp-json\/wp\/v2\/pages\/13039"}],"collection":[{"href":"https:\/\/acar-autovermietung.com\/es\/wp-json\/wp\/v2\/pages"}],"about":[{"href":"https:\/\/acar-autovermietung.com\/es\/wp-json\/wp\/v2\/types\/page"}],"author":[{"embeddable":true,"href":"https:\/\/acar-autovermietung.com\/es\/wp-json\/wp\/v2\/users\/1"}],"replies":[{"embeddable":true,"href":"https:\/\/acar-autovermietung.com\/es\/wp-json\/wp\/v2\/comments?post=13039"}],"version-history":[{"count":3,"href":"https:\/\/acar-autovermietung.com\/es\/wp-json\/wp\/v2\/pages\/13039\/revisions"}],"predecessor-version":[{"id":13217,"href":"https:\/\/acar-autovermietung.com\/es\/wp-json\/wp\/v2\/pages\/13039\/revisions\/13217"}],"wp:attachment":[{"href":"https:\/\/acar-autovermietung.com\/es\/wp-json\/wp\/v2\/media?parent=13039"}],"curies":[{"name":"wp","href":"https:\/\/api.w.org\/{rel}","templated":true}]}}