{"id":13042,"date":"2024-02-16T17:43:56","date_gmt":"2024-02-16T20:43:56","guid":{"rendered":"https:\/\/acar-autovermietung.com\/?page_id=13042"},"modified":"2024-02-16T17:47:17","modified_gmt":"2024-02-16T20:47:17","slug":"bussgeldkatalog-paraguay","status":"publish","type":"page","link":"https:\/\/acar-autovermietung.com\/es\/bussgeldkatalog-paraguay\/","title":{"rendered":"Cat\u00e1logo de multas Paraguay"},"content":{"rendered":"<div class=\"post-header\">\n<div><img decoding=\"async\" loading=\"lazy\" class=\"wp-image-11932 alignleft\" src=\"https:\/\/acar-autovermietung.com\/wp-content\/uploads\/2023\/10\/Bussgeldkatalog_Kontrolle-300x196.png\" alt=\"Acar Autovermietung Paraguay\" width=\"327\" height=\"214\" srcset=\"https:\/\/acar-autovermietung.com\/wp-content\/uploads\/2023\/10\/Bussgeldkatalog_Kontrolle-300x196.png 300w, https:\/\/acar-autovermietung.com\/wp-content\/uploads\/2023\/10\/Bussgeldkatalog_Kontrolle-768x503.png 768w, https:\/\/acar-autovermietung.com\/wp-content\/uploads\/2023\/10\/Bussgeldkatalog_Kontrolle.png 938w\" sizes=\"(max-width: 327px) 100vw, 327px\" \/><\/div>\n<p class=\"p1\">\u00bfQu\u00e9 est\u00e1 permitido actualmente y qu\u00e9 infracci\u00f3n en la circulaci\u00f3n vial paraguaya cuesta? Aqu\u00ed le informamos sobre la situaci\u00f3n legal actual y los costes. Le recomendamos que lea atentamente cada uno de los puntos.<\/p>\n<\/div>\n<div>\n<h4 class=\"wp-block-heading\">Nuestro consejo: se recomienda conducir con antelaci\u00f3n<\/h4>\n<p>La precauci\u00f3n es mejor que la indulgencia. Preste siempre atenci\u00f3n a la situaci\u00f3n general del tr\u00e1fico en las carreteras de Paraguay, sobre todo en las ciudades peque\u00f1as y grandes, y es mejor mirar m\u00e1s y durante m\u00e1s tiempo que poco y demasiado poco. Se necesita un poco de tiempo para familiarizarse con las diferentes peculiaridades del tr\u00e1fico y acostumbrarse al estilo de conducci\u00f3n.<\/p>\n<\/div>\n<div class=\"post-body\">\n<div class=\"post-excerpt\">\n<hr class=\"wp-block-separator has-alpha-channel-opacity\" \/>\n<h3 class=\"wp-block-heading\"><strong>Art\u00edculo n\u00ba - Descripci\u00f3n de la falta e importe de la sanci\u00f3n<\/strong><\/h3>\n<p>Art. 04 Conducci\u00f3n temeraria - 260.000 guaran\u00edes<\/p>\n<p>Art.05 Conducci\u00f3n bajo los efectos del alcohol - 1.040.000 guaran\u00edes<\/p>\n<p>Art.06 Conducci\u00f3n por menores - 520.000 guaran\u00edes<\/p>\n<p>Art.07 Estacionamiento en la calle en caso de aver\u00eda - 260.000 guaran\u00edes<\/p>\n<p>Art.08 Carga no pavimentada o cubierta en carretera asfaltada - 260.000 guaran\u00edes<\/p>\n<p>Art.09 Transporte de carga larga indivisible sin autorizaci\u00f3n - 520.000 guaran\u00edes<\/p>\n<p>Art.10 Conducir o estacionar en la v\u00eda p\u00fablica con fines publicitarios - 260.000 guaran\u00edes<\/p>\n<p>Art.11 Modificaciones no autorizadas en el veh\u00edculo - 520.000 guaran\u00edes<\/p>\n<p>Art.15 Conducci\u00f3n de tractores agr\u00edcolas sin permiso especial - 520.000 guaran\u00edes<\/p>\n<p>Art.16 Anchura y longitud superiores a las dimensiones normales del veh\u00edculo - 520.000 guaran\u00edes<\/p>\n<p>Art.20 Amortiguador en mal estado - 260.000 guaranies<\/p>\n<p>Art.21 No etiquetar una carga con una banda roja - 260.000 guaran\u00edes<\/p>\n<p>Art.22 No hay iluminaci\u00f3n de la placa de matr\u00edcula en el remolque - 260.000 garant\u00edas<\/p>\n<p>Art.23 Freno de mano sin funci\u00f3n - 260.000 guaranies<\/p>\n<p>Art.23 Freno de pie sin funci\u00f3n - 520.000 garant\u00edas<\/p>\n<p>Art.24 Bocina sin funci\u00f3n - 52.000 guaran\u00edes<\/p>\n<p>Art.25 No respetar a los veh\u00edculos de emergencia - 260.000 guaran\u00edes<\/p>\n<p>Art.26 Conducir sin espejos laterales - 156.000 guaran\u00edes<\/p>\n<p>Art.27 Tintado no autorizado del parabrisas - 260.000 guaran\u00edes<\/p>\n<p>Art.28 Conducir con cristales muy sucios 260.000 guaran\u00edes<\/p>\n<p>Art.29 Conducir sin silenciador - 260.000 guaran\u00edes<\/p>\n<p>Art.30 Carrocer\u00eda de veh\u00edculos no autorizada - 520.000 guaran\u00edes<\/p>\n<p>Art.40 Falta iluminaci\u00f3n matr\u00edcula - 104.000 guaran\u00edes<\/p>\n<p>Art.40 Falta alumbrado veh\u00edculo, delantero - 156.000 guaran\u00edes<\/p>\n<p>Art.40 Falta iluminaci\u00f3n trasera del veh\u00edculo - 208.000 guaran\u00edes<\/p>\n<p>Art.40 Falta iluminaci\u00f3n veh\u00edculo, unilateral - 104.000 guaran\u00edes<\/p>\n<p>Art.41 Falta iluminaci\u00f3n en el remolque - 156.000 guaran\u00edes<\/p>\n<p>Art.42 Falta de iluminaci\u00f3n en tractores y maquinaria agr\u00edcola - 156.000 guaran\u00edes<\/p>\n<p>Art.43 Falta de iluminaci\u00f3n en las motos - 156.000 guaran\u00edes<\/p>\n<p>Art.47 Conducir sin luces intermitentes o de freno, de un solo lado - 104.000 guaran\u00edes<\/p>\n<p>Art.47 Conducir sin luces intermitentes o de freno, ambos lados - 156.000 garant\u00edas<\/p>\n<p>Art.48 Uso no autorizado de reflectores - 260.000 guaran\u00edes<\/p>\n<p>Art.49 Desvanecimiento injustificado - 104.000 guaran\u00edes<\/p>\n<p>Art.50 Conducci\u00f3n sin luces de cruce - 156.000 garant\u00edas<\/p>\n<p>Art.52 Aparcamiento sin luz en la v\u00eda p\u00fablica - 260.000 guaran\u00edes<\/p>\n<p>Art.53 Veh\u00edculos con luces rojas y verdes - 156.000 guaran\u00edes<\/p>\n<p>Art.56 Conducir sin matr\u00edcula 156.000 guaran\u00edes<\/p>\n<p>Art.57 Cambio de matr\u00edculas - 260.000 guaran\u00edes<\/p>\n<p>Art.58 Matr\u00edcula sucia o invisible - 104.000 guaran\u00edes<\/p>\n<p>Art.59 Uso de otra matr\u00edcula - 260.000 guaran\u00edes<\/p>\n<p>Art.61 No llevar matr\u00edcula en la moto - 260.000 guaran\u00edes<\/p>\n<p>Art.62 Uso no autorizado de emblemas - 260.000 guaran\u00edes<\/p>\n<p>Art. 63 Conducir sin permiso urbano (habilitaci\u00f3n) - 156.000 guaran\u00edes<\/p>\n<p>Art. 65 Utilizaci\u00f3n de una matr\u00edcula antigua - 104.000 guaran\u00edes<\/p>\n<p>Art. 69 Conducir sin permiso v\u00e1lido - 520.000 guaran\u00edes<\/p>\n<p>Art. 77 Desacato a un funcionario - 520.000 guaran\u00edes<\/p>\n<p>Art. 87 Permiso de conducir caducado o deteriorado - 260.000 guaran\u00edes<\/p>\n<p>Art.88 Permiso de conducci\u00f3n no perforado para el a\u00f1o en curso - 104.000<\/p>\n<p>Art.89 Conducir sin extintor de incendios - 156.000<\/p>\n<p>Art.89 Conducir con extintor caducado o vac\u00edo - 104.000 guaran\u00edes<\/p>\n<p>Art.89 Conducir sin botiqu\u00edn de primeros auxilios - 156.000 guaran\u00edes<\/p>\n<p>Art.89 Rueda de repuesto sin aire - 104.000 guaranies<\/p>\n<p>Art.90 Conducir sin permiso - 156.000 guaran\u00edes<\/p>\n<p>Art.91 Entrega de datos falsos a la polic\u00eda - 260.000 garant\u00edas<\/p>\n<p>Art.92 Transporte de pasajeros en zonas no habilitadas del veh\u00edculo - 156.000 guaran\u00edes<\/p>\n<p>Art.93 No permanecer en el lado derecho con el veh\u00edculo - 156.000 garant\u00edas<\/p>\n<p>Art.96 Derecho de adelantamiento - 260.000 guaran\u00edes<\/p>\n<p>Art.97 Adelantamiento injustificado - 260.000 guaran\u00edes<\/p>\n<p>Art.98 No respetar el carril izquierdo - 156.000 guaran\u00edes<\/p>\n<p>Art.99 Conducci\u00f3n paralela a otro veh\u00edculo - 260.000 guaran\u00edes<\/p>\n<p>Art.100 No mantener la distancia m\u00ednima a otro veh\u00edculo - 260.000 guaran\u00edes<\/p>\n<p>Art.101 Maniobra peligrosa - 156.000 guaran\u00edes<\/p>\n<p>Art.102 No ceder - 260.000 garant\u00edas<\/p>\n<p>Art.104 No respetar una se\u00f1al de stop - 520.000 guaran\u00edes<\/p>\n<p>Art.107 No respetar la zona peatonal - 260.000 guaran\u00edes<\/p>\n<p>Art.108 Entrada o salida no autorizada de las carreteras principales - 260.000 guaran\u00edes<\/p>\n<p>Art.109 Aparcar en el arc\u00e9n o en un puente - 260.000 guaran\u00edes<\/p>\n<p>Art.110 Aparcamiento en paralelo - 260.000 guaran\u00edes<\/p>\n<p>Art.113 Vertido de aceite u otros l\u00edquidos en la carretera - 520.000 guaran\u00edes<\/p>\n<p>Art.121 Organizaci\u00f3n de carreras de coches en la v\u00eda p\u00fablica - 520.000 guaran\u00edes<\/p>\n<p>Art.126 No etiquetado de transportes peligrosos 260.000 guaran\u00edes<\/p>\n<p>Art.128 Transporte de residuos y restos en veh\u00edculos inadecuados - 260.000 guaran\u00edes<\/p>\n<p>Art.136 Velocidad excesiva en zonas rurales - 260.000 guaran\u00edes<\/p>\n<p>Art.138 Velocidad excesiva en zonas urbanas - 260.000 guaran\u00edes<\/p>\n<p>Art.141 No respetar las se\u00f1ales de stop en intersecciones peligrosas - 520.000 guaran\u00edes<\/p>\n<p>Art.142 No respeto de las obras en las carreteras - 260.000 guaran\u00edes<\/p>\n<p>Art.145 Conducci\u00f3n con llantas de acero en carretera (sin neum\u00e1ticos) 260.000 guaran\u00edes<\/p>\n<p>Art.146 Conducci\u00f3n de veh\u00edculos viejos y desguazados con llantas de aluminio 260.000 guaran\u00edes<\/p>\n<p>Art.181 Estacionar un veh\u00edculo en una zona p\u00fablica - 260.000 guaran\u00edes<\/p>\n<p>Art.184 Da\u00f1ar, cubrir o pegar se\u00f1ales de tr\u00e1fico, por ejemplo con publicidad - 520.000 guaran\u00edes<\/p>\n<p>Art.186 Vertido de basuras en la calzada - 520.000<\/p>\n<p>Art.188 Transporte de pasajeros en camiones - 260.000 guaran\u00edes<\/p>\n<p>Art.194 Billete no emitido - 260.000 guaran\u00edes<\/p>\n<p>Art.208 Billete no v\u00e1lido - 52.000 guaran\u00edes<\/p>\n<\/div>\n<p>&nbsp;<\/p>\n<\/div>","protected":false},"excerpt":{"rendered":"<p>\u00bfQu\u00e9 est\u00e1 permitido actualmente y qu\u00e9 infracci\u00f3n en la circulaci\u00f3n vial paraguaya cuesta? Aqu\u00ed le informamos sobre la situaci\u00f3n legal actual y los costes. Le recomendamos que lea atentamente cada una de las infracciones...<\/p>","protected":false},"author":1,"featured_media":0,"parent":0,"menu_order":0,"comment_status":"closed","ping_status":"closed","template":"","meta":[],"_links":{"self":[{"href":"https:\/\/acar-autovermietung.com\/es\/wp-json\/wp\/v2\/pages\/13042"}],"collection":[{"href":"https:\/\/acar-autovermietung.com\/es\/wp-json\/wp\/v2\/pages"}],"about":[{"href":"https:\/\/acar-autovermietung.com\/es\/wp-json\/wp\/v2\/types\/page"}],"author":[{"embeddable":true,"href":"https:\/\/acar-autovermietung.com\/es\/wp-json\/wp\/v2\/users\/1"}],"replies":[{"embeddable":true,"href":"https:\/\/acar-autovermietung.com\/es\/wp-json\/wp\/v2\/comments?post=13042"}],"version-history":[{"count":4,"href":"https:\/\/acar-autovermietung.com\/es\/wp-json\/wp\/v2\/pages\/13042\/revisions"}],"predecessor-version":[{"id":13046,"href":"https:\/\/acar-autovermietung.com\/es\/wp-json\/wp\/v2\/pages\/13042\/revisions\/13046"}],"wp:attachment":[{"href":"https:\/\/acar-autovermietung.com\/es\/wp-json\/wp\/v2\/media?parent=13042"}],"curies":[{"name":"wp","href":"https:\/\/api.w.org\/{rel}","templated":true}]}}