{"id":13058,"date":"2024-02-22T16:20:30","date_gmt":"2024-02-22T19:20:30","guid":{"rendered":"https:\/\/acar-autovermietung.com\/?page_id=13058"},"modified":"2024-02-27T09:25:28","modified_gmt":"2024-02-27T12:25:28","slug":"acar-kundenbewertungen","status":"publish","type":"page","link":"https:\/\/acar-autovermietung.com\/es\/acar-kundenbewertungen\/","title":{"rendered":"Opiniones de clientes de Acar"},"content":{"rendered":"<h2><strong>Acar Car Hire - Comentarios y opiniones de clientes<\/strong><\/h2>\n<p><img decoding=\"async\" loading=\"lazy\" class=\"wp-image-13077 alignleft\" src=\"https:\/\/acar-autovermietung.com\/wp-content\/uploads\/2024\/02\/Acar-Kundenfeedback-Bild-300x300.png\" alt=\"\" width=\"339\" height=\"339\" srcset=\"https:\/\/acar-autovermietung.com\/wp-content\/uploads\/2024\/02\/Acar-Kundenfeedback-Bild-300x300.png 300w, https:\/\/acar-autovermietung.com\/wp-content\/uploads\/2024\/02\/Acar-Kundenfeedback-Bild-1024x1024.png 1024w, https:\/\/acar-autovermietung.com\/wp-content\/uploads\/2024\/02\/Acar-Kundenfeedback-Bild-150x150.png 150w, https:\/\/acar-autovermietung.com\/wp-content\/uploads\/2024\/02\/Acar-Kundenfeedback-Bild-768x768.png 768w, https:\/\/acar-autovermietung.com\/wp-content\/uploads\/2024\/02\/Acar-Kundenfeedback-Bild-200x200.png 200w, https:\/\/acar-autovermietung.com\/wp-content\/uploads\/2024\/02\/Acar-Kundenfeedback-Bild-100x100.png 100w, https:\/\/acar-autovermietung.com\/wp-content\/uploads\/2024\/02\/Acar-Kundenfeedback-Bild.png 1080w\" sizes=\"(max-width: 339px) 100vw, 339px\" \/>\u00bfEst\u00e1 satisfecho con nosotros, siente que est\u00e1 en las mejores manos con nosotros y estar\u00eda encantado de volver a reservar un veh\u00edculo de alquiler con nosotros en cualquier momento? \u00bfO esta vez no le hemos convencido del todo y deber\u00edamos mejorar algunas cosas desde su punto de vista? <img decoding=\"async\" loading=\"lazy\" class=\"wp-image-12642 alignleft\" src=\"https:\/\/acar-autovermietung.com\/wp-content\/uploads\/2023\/12\/PHOTO-2023-12-06-15-33-15-300x300.jpg\" alt=\"Bei Acar Autovermietung sind Sie in den besten H\u00e4nden\" width=\"243\" height=\"243\" srcset=\"https:\/\/acar-autovermietung.com\/wp-content\/uploads\/2023\/12\/PHOTO-2023-12-06-15-33-15-300x300.jpg 300w, https:\/\/acar-autovermietung.com\/wp-content\/uploads\/2023\/12\/PHOTO-2023-12-06-15-33-15-1024x1024.jpg 1024w, https:\/\/acar-autovermietung.com\/wp-content\/uploads\/2023\/12\/PHOTO-2023-12-06-15-33-15-150x150.jpg 150w, https:\/\/acar-autovermietung.com\/wp-content\/uploads\/2023\/12\/PHOTO-2023-12-06-15-33-15-768x768.jpg 768w, https:\/\/acar-autovermietung.com\/wp-content\/uploads\/2023\/12\/PHOTO-2023-12-06-15-33-15-200x200.jpg 200w, https:\/\/acar-autovermietung.com\/wp-content\/uploads\/2023\/12\/PHOTO-2023-12-06-15-33-15-100x100.jpg 100w, https:\/\/acar-autovermietung.com\/wp-content\/uploads\/2023\/12\/PHOTO-2023-12-06-15-33-15.jpg 1080w\" sizes=\"(max-width: 243px) 100vw, 243px\" \/><\/p>\n<p>\u00bfEst\u00e1 satisfecho con el veh\u00edculo que ha alquilado o con nuestro servicio? Sea lo que sea, un elogio o una cr\u00edtica constructiva, h\u00e1ganoslo saber. As\u00ed que por favor t\u00f3mese unos minutos para dejarnos su opini\u00f3n o comentario de cliente en esta p\u00e1gina.<\/p>\n<p>Porque su opini\u00f3n significa mucho para nosotros y, por supuesto, tambi\u00e9n nos ayuda a mejorar continuamente. Gracias por su apoyo y sus comentarios. Estaremos encantados de escucharle o, mejor dicho, de leerle por aqu\u00ed.<\/p>\n<p>Su equipo de Acar Car Hire<\/p>","protected":false},"excerpt":{"rendered":"<p>Acar Autovermietung - Feedback und Kundenbewertungen Sie sind mit uns zufrieden, f\u00fchlen sich bei uns in den besten H\u00e4nden und buchen gerne jederzeit wieder bei uns ein Mietfahrzeug? Oder konnten wir Sie dieses Mal nicht ...<\/p>","protected":false},"author":1,"featured_media":13062,"parent":0,"menu_order":0,"comment_status":"closed","ping_status":"closed","template":"","meta":[],"_links":{"self":[{"href":"https:\/\/acar-autovermietung.com\/es\/wp-json\/wp\/v2\/pages\/13058"}],"collection":[{"href":"https:\/\/acar-autovermietung.com\/es\/wp-json\/wp\/v2\/pages"}],"about":[{"href":"https:\/\/acar-autovermietung.com\/es\/wp-json\/wp\/v2\/types\/page"}],"author":[{"embeddable":true,"href":"https:\/\/acar-autovermietung.com\/es\/wp-json\/wp\/v2\/users\/1"}],"replies":[{"embeddable":true,"href":"https:\/\/acar-autovermietung.com\/es\/wp-json\/wp\/v2\/comments?post=13058"}],"version-history":[{"count":10,"href":"https:\/\/acar-autovermietung.com\/es\/wp-json\/wp\/v2\/pages\/13058\/revisions"}],"predecessor-version":[{"id":13085,"href":"https:\/\/acar-autovermietung.com\/es\/wp-json\/wp\/v2\/pages\/13058\/revisions\/13085"}],"wp:featuredmedia":[{"embeddable":true,"href":"https:\/\/acar-autovermietung.com\/es\/wp-json\/wp\/v2\/media\/13062"}],"wp:attachment":[{"href":"https:\/\/acar-autovermietung.com\/es\/wp-json\/wp\/v2\/media?parent=13058"}],"curies":[{"name":"wp","href":"https:\/\/api.w.org\/{rel}","templated":true}]}}