{"id":1896,"date":"2015-10-12T07:39:43","date_gmt":"2015-10-12T07:39:43","guid":{"rendered":"http:\/\/event-theme.com\/themes\/rentit\/?page_id=1896"},"modified":"2024-01-19T16:06:08","modified_gmt":"2024-01-19T19:06:08","slug":"faqs","status":"publish","type":"page","link":"https:\/\/acar-autovermietung.com\/es\/faqs\/","title":{"rendered":"PREGUNTAS FRECUENTES"},"content":{"rendered":"<div class=\"wpb-content-wrapper\"><div class=\"vc_row wpb_row vc_row-fluid\"><div data-vc-parallax=\"\" data-vc-parallax-o-fade=\"on\" class=\"wpb_column vc_column_container vc_col-sm-12 vc_col-has-fill vc_general vc_parallax vc_parallax-content-moving-fade js-vc_parallax-o-fade\"><div class=\"vc_column-inner\"><div class=\"wpb_wrapper\"><div  class=\"vc_toggle vc_toggle_default vc_toggle_color_default  vc_toggle_size_md\"><div class=\"vc_toggle_title\"><h4>\u00bfCu\u00e1les son los requisitos de Acar para alquilar un veh\u00edculo?<\/h4><i class=\"vc_toggle_icon\"><\/i><\/div><div class=\"vc_toggle_content\"><p>Para el alquiler definitivo y vinculante de un veh\u00edculo de nuestra flota se aplican los siguientes requisitos y condiciones:<\/p>\n<ul>\n<li>Edad m\u00ednima general de los conductores (incluidos los segundos conductores): 21 a\u00f1os<\/li>\n<li>Documentos necesarios en el momento de la entrega del coche de alquiler: Pasaporte en vigor y permiso de conducir en vigor.<\/li>\n<li>Tarjeta de cr\u00e9dito v\u00e1lida para el dep\u00f3sito de garant\u00eda (el importe del dep\u00f3sito depende de la categor\u00eda de alquiler de coches seleccionada, v\u00e9ase tambi\u00e9n el punto 4 de las FAQ)<\/li>\n<li>Se aplica la pol\u00edtica de repostaje: lleno a la entrega\/ lleno a la devoluci\u00f3n.<\/li>\n<\/ul>\n<\/div><\/div><div  class=\"vc_toggle vc_toggle_default vc_toggle_color_default  vc_toggle_size_md\"><div class=\"vc_toggle_title\"><h4>\u00bfCobra Acar a sus clientes por la entrega o devoluci\u00f3n de un coche de alquiler en un lugar personalizado (por ejemplo, un hotel concreto)?<\/h4><i class=\"vc_toggle_icon\"><\/i><\/div><div class=\"vc_toggle_content\"><p>Acar cobra a sus clientes una tasa de entrega y devoluci\u00f3n correspondiente por la entrega y devoluci\u00f3n de un coche de alquiler en un lugar personalizado (por ejemplo, aeropuerto, hotel...), que se basa en las especificaciones y deseos individuales del cliente. Los costes correspondientes se mostrar\u00e1n al final del proceso de reserva.<\/p>\n<\/div><\/div><div  class=\"vc_toggle vc_toggle_default vc_toggle_color_default  vc_toggle_size_md\"><div class=\"vc_toggle_title\"><h4>\u00bfTengo que pagar Acar por adelantado?<\/h4><i class=\"vc_toggle_icon\"><\/i><\/div><div class=\"vc_toggle_content\"><p>No, como cliente de Acar s\u00f3lo paga cuando entrega el coche de alquiler en persona en el lugar de entrega deseado. Puede hacerlo en efectivo o con tarjeta de cr\u00e9dito.<\/p>\n<\/div><\/div><div  class=\"vc_toggle vc_toggle_default vc_toggle_color_default  vc_toggle_size_md\"><div class=\"vc_toggle_title\"><h4>\u00bfExige Acar un dep\u00f3sito para el coche de alquiler seleccionado?<\/h4><i class=\"vc_toggle_icon\"><\/i><\/div><div class=\"vc_toggle_content\"><p>El importe de la fianza correspondiente a un coche de alquiler depende de la categor\u00eda de veh\u00edculo seleccionada. Las siguientes fianzas de alquiler se aplican a las respectivas categor\u00edas y solo ser\u00edan exigibles en su totalidad (por ejemplo, en caso de da\u00f1os importantes) o prorrateadas en funci\u00f3n del alcance de los da\u00f1os sufridos por el veh\u00edculo alquilado:<\/p>\n<ol>\n<li>Eco &amp; Eco +: 300,- USD<\/li>\n<li>Sed\u00e1n y Sed\u00e1n autom\u00e1tico: 350,- USD<\/li>\n<li>Mini SUV y SUV de gama media: 400,- USD<\/li>\n<li>SUV, Todo Terreno (Mini) y Veh\u00edculos Comerciales: 500,- USD<\/li>\n<li>SUV Premium &amp; All Terrain Premium: 1.000 USD<\/li>\n<\/ol>\n<\/div><\/div><div  class=\"vc_toggle vc_toggle_default vc_toggle_color_default  vc_toggle_size_md\"><div class=\"vc_toggle_title\"><h4>\u00bfD\u00f3nde tengo que devolver el veh\u00edculo?<\/h4><i class=\"vc_toggle_icon\"><\/i><\/div><div class=\"vc_toggle_content\"><p>Puede devolver su coche de alquiler en el mismo lugar en el que le fue entregado o en cualquier otro lugar de Paraguay que desee. Si tiene alguna pregunta, p\u00f3ngase en contacto con el personal de nuestro centro de atenci\u00f3n al cliente de Acar. Puede hacerlo por correo electr\u00f3nico, tel\u00e9fono o a trav\u00e9s de WhatsApp y Telegram.<\/p>\n<\/div><\/div><div  class=\"vc_toggle vc_toggle_default vc_toggle_color_default  vc_toggle_size_md\"><div class=\"vc_toggle_title\"><h4>\u00bfQu\u00e9 ocurre en caso de accidente?<\/h4><i class=\"vc_toggle_icon\"><\/i><\/div><div class=\"vc_toggle_content\"><p class=\"p1\">En este caso, ponte siempre en contacto inmediatamente con nuestro centro de atenci\u00f3n al cliente en el n\u00famero de tel\u00e9fono de emergencias +595\/ 981 135111 (tambi\u00e9n a trav\u00e9s de WhatsApp y Telegram). Nuestros empleados le apoyar\u00e1n entonces con los siguientes pasos o tomar\u00e1n las medidas necesarias. Especialmente en el caso de accidentes con da\u00f1os personales, la tramitaci\u00f3n en Paraguay es completamente diferente y requiere apoyo profesional en cualquier caso. Por supuesto, Acar se lo proporcionar\u00e1 en cualquier momento y en cualquier lugar del pa\u00eds. Al igual que en Alemania, los costes de los da\u00f1os se liquidan a trav\u00e9s de un seguro a todo riesgo.<\/p>\n<\/div><\/div><\/div><\/div><\/div><\/div>\n<\/div>","protected":false},"excerpt":{"rendered":"Welche Anforderungen gelten bei Acar f\u00fcr die Vermietung eines Fahrzeuges?Folgende Anforderungen und Voraussetzungen gelten f\u00fcr eine finale und verbindliche Vermietung eines Fahrzeuges aus unserer Flotte: Generelles Mindestalter Fahrer (auch Zweitfahrer): 21 Jahre Erforderliche Dokumente bei Zustellung\/\u00dcbergabe des Mietwages: G\u00fcltiger Reisepass und g\u00fcltiger F\u00fchrerschein G\u00fcltige Kreditkarte zur Garantiehinterlegung (H\u00f6he der Kaution richtet sich nach der gew\u00e4hlten [...]","protected":false},"author":1,"featured_media":0,"parent":0,"menu_order":0,"comment_status":"closed","ping_status":"closed","template":"","meta":[],"_links":{"self":[{"href":"https:\/\/acar-autovermietung.com\/es\/wp-json\/wp\/v2\/pages\/1896"}],"collection":[{"href":"https:\/\/acar-autovermietung.com\/es\/wp-json\/wp\/v2\/pages"}],"about":[{"href":"https:\/\/acar-autovermietung.com\/es\/wp-json\/wp\/v2\/types\/page"}],"author":[{"embeddable":true,"href":"https:\/\/acar-autovermietung.com\/es\/wp-json\/wp\/v2\/users\/1"}],"replies":[{"embeddable":true,"href":"https:\/\/acar-autovermietung.com\/es\/wp-json\/wp\/v2\/comments?post=1896"}],"version-history":[{"count":10,"href":"https:\/\/acar-autovermietung.com\/es\/wp-json\/wp\/v2\/pages\/1896\/revisions"}],"predecessor-version":[{"id":12992,"href":"https:\/\/acar-autovermietung.com\/es\/wp-json\/wp\/v2\/pages\/1896\/revisions\/12992"}],"wp:attachment":[{"href":"https:\/\/acar-autovermietung.com\/es\/wp-json\/wp\/v2\/media?parent=1896"}],"curies":[{"name":"wp","href":"https:\/\/api.w.org\/{rel}","templated":true}]}}